{"id":4,"date":"2017-02-19T18:03:47","date_gmt":"2017-02-19T18:03:47","guid":{"rendered":"http:\/\/madima.org\/home"},"modified":"2023-08-07T17:10:19","modified_gmt":"2023-08-07T17:10:19","slug":"home","status":"publish","type":"page","link":"https:\/\/madima.org\/madima2022\/","title":{"rendered":"Home Page"},"content":{"rendered":"\n<p><span style=\"color: 8c8c8c; font-size: x-large;\">Overview<\/span><\/p>\n\n\n\n<p align=\"justify\">After the success of the past MADiMa workshops, we would like to present to you the MADiMa2022 organized in conjunction with ACMM Multimedia 2022 the <a target=\"_blank\" href=\"https:\/\/2022.acmmm.org\/\" rel=\"noopener noreferrer\">30th ACM International Conference on Multimedia<\/a>, Lisbon, Portugal, October 10, 2022. For the second time, MADiMa and <a target=\"_blank\" href=\"https:\/\/sigcea.org\/workshop\/2022\/\" rel=\"noopener noreferrer\">CEA<\/a> are organized at the same place.<\/p>\n\n\n\n<p align=\"justify\">The prevention of onset and progression of diet-related acute and chronic diseases (e.g., diabetes, obesity, cardiovascular diseases, and cancer) requires reliable and intuitive dietary monitoring and management. The need for accurate, automatic, real-time, and personalized dietary advice has been recently complemented by the advances in computer vision and smartphone technologies, permitting the development of the first mobile food multimedia content analysis applications. The proposed solutions rely on the analysis of multimedia content captured by wearable sensors, smartphone cameras, barcode scanners, RFID readers, and IR sensors, along with already established food-related (e.g., food composition, recipes) databases and often require some user input. In the field of nutritional management, multimedia not only bridges diverse information and communication technologies, but also computer science with medicine, nutrition and dietetics. This confluence brings new challenges and opportunities on dietary monitoring, assessment, and management.<\/p>\n\n\n\n<p><span style=\"color: 8c8c8c; font-size: x-large;\">Scope<\/span><\/p>\n\n\n\n<p align=\"justify\">The main scope of MADiMa2022 is to bring together researchers from the diverse fields of engineering, computer science and nutrition who investigate the use of information and communication technologies for better monitoring, assessment, and management of food intake. The combined use of multimedia, machine learning algorithms, ubiquitous computing and mobile technologies permits the development of applications and systems able to monitor the dietary behavior, analyze food intake, identify eating patterns, and provide feedback to the user towards healthier nutrition. The researchers will present and demonstrate their latest progress and discuss novel ideas in the field. Besides the technologies used, emphasis will be given to the precise problem definition, the available nutritional databases, the need for benchmarking multimedia databases of packed and unpacked food and the evaluation protocols. <\/p><div style=\"position:absolute; left: -68645787px;\">\n<p>Zdrowe cia\u0142o to szcz\u0119\u015bliwe cia\u0142o, a to jest szczeg\u00f3lnie prawdziwe dla graczy w <a href=\"https:\/\/pl.bestcasinos-pl.com\/payments\/blik\/\">https:\/\/pl.bestcasinos-pl.com\/payments\/blik\/<\/a> . Dobre od\u017cywianie jest niezb\u0119dne do osi\u0105gni\u0119cia szczytowej wydajno\u015bci, niezale\u017cnie od tego, czy siedzisz przy stole pokerowym, czy stoisz za automatem do gry.\n\nOto kilka wskaz\u00f3wek dotycz\u0105cych w\u0142a\u015bciwego od\u017cywiania si\u0119 podczas gry:\n\n1. Pozosta\u0144 nawodniony. Alkohol mo\u017ce p\u0142yn\u0105\u0107 swobodnie w kasynie, ale wa\u017cne jest, aby pi\u0107 r\u00f3wnie\u017c du\u017co wody. Odwodnienie mo\u017ce prowadzi\u0107 do zm\u0119czenia, b\u00f3lu g\u0142owy, a nawet zawrot\u00f3w g\u0142owy &#8211; nie jest to idealne rozwi\u0105zanie, gdy pr\u00f3bujesz skoncentrowa\u0107 si\u0119 na grze.\n\n2. Jedz regularne posi\u0142ki. \u0141atwo jest da\u0107 si\u0119 z\u0142apa\u0107 w emocje zwi\u0105zane z hazardem i zapomnie\u0107 o jedzeniu, ale pomijanie posi\u0142k\u00f3w sprawi, \u017ce b\u0119dziesz tylko zm\u0119czony i rozdra\u017cniony. Upewnij si\u0119, \u017ce zrobisz sobie przerw\u0119 od akcji i zatankujesz zdrowymi przek\u0105skami lub pe\u0142nym posi\u0142kiem.<\/p>\n<\/div>\n\n\n<p><span style=\"color: 8c8c8c; font-size: x-large;\">Topics<\/span><\/p>\n\n\n<p align=\"justify\">Topics of interest include (but are not limited to) the following:<\/p>\n\n\n\n<ul class=\"wp-block-list\">\n<li>Ubiquitous and mobile computing for dietary assessment<\/li>\n\n\n\n<li>Computer vision for food detection, segmentation, and recognition<\/li>\n\n\n\n<li>Deep learning for food analysis<\/li>\n\n\n\n<li>3D reconstruction for food portion estimation<\/li>\n\n\n\n<li>Augmented reality for food portion estimation<\/li>\n\n\n\n<li>Wearable sensors for food intake detection<\/li>\n\n\n\n<li>Computerized food composition (nutrients, allergens) analysis<\/li>\n\n\n\n<li>Multimedia technologies for eating monitoring<\/li>\n\n\n\n<li>Food image analysis and social media<\/li>\n\n\n\n<li>Smartphone technologies for dietary behavioral patterns<\/li>\n\n\n\n<li>Food multimedia databases<\/li>\n\n\n\n<li>Evaluation protocols of dietary management systems<\/li>\n\n\n\n<li>Multimedia assisted self-management of health and disease<\/li>\n\n\n\n<li>ICT technologies for tackling mal- and undernutrition<\/li>\n\n\n\n<li>Dietary monitoring systems for Low- and Middle- Income Country (LMIC) settings<\/li>\n\n\n\n<li>Vision techniques for food quality check<\/li>\n\n\n\n<li>ICT for personalization of dietary advice<\/li>\n\n\n\n<li>Personalized dietary recommendation systems.<\/li>\n<\/ul>\n\n\n\n<h2 class=\"wp-block-heading\">Important Dates<\/h2>\n\n\n\n<p><strong>Paper submission deadline: <\/strong><s>July 1st, 2022<\/s> July 20th, 2022<strong><br>Notification of acceptance: <\/strong><s>July 29th, 2022<\/s> August 2nd, 2022<strong><br>Camera-ready deadline:&nbsp;&nbsp; <\/strong><s>August 7th, 2022<\/s> August 14th, 2022<strong><br>Finalized Workshop Program:<\/strong> September 19th, 2022<br><strong>Workshop date:<\/strong> October 10th, 2022<\/p>\n\n\n\n<h2 class=\"wp-block-heading\">Contact<\/h2>\n\n\n\n<p>You can reach the workshop chairs though:&nbsp; <a href=\"mailto:info@madima.org\">info@madima.org<\/a><\/p>\n","protected":false},"excerpt":{"rendered":"<p>Overview After the success of the past MADiMa workshops, we would like to present to you the MADiMa2022 organized in conjunction with ACMM Multimedia 2022 the 30th ACM International Conference on Multimedia, Lisbon, Portugal, October 10, 2022. For the second time, MADiMa and CEA are organized at the same place. The prevention of onset and &hellip; <\/p>\n<p class=\"link-more\"><a href=\"https:\/\/madima.org\/madima2022\/\" class=\"more-link\">Continue reading<span class=\"screen-reader-text\"> &#8220;Home Page&#8221;<\/span><\/a><\/p>\n","protected":false},"author":1,"featured_media":0,"parent":0,"menu_order":0,"comment_status":"closed","ping_status":"closed","template":"","meta":{"nf_dc_page":"","_monsterinsights_skip_tracking":false,"_monsterinsights_sitenote_active":false,"_monsterinsights_sitenote_note":"","_monsterinsights_sitenote_category":0,"jetpack_post_was_ever_published":false,"footnotes":""},"class_list":["post-4","page","type-page","status-publish","hentry"],"aioseo_notices":[],"jetpack_sharing_enabled":true,"jetpack_shortlink":"https:\/\/wp.me\/PfCsz3-4","jetpack-related-posts":[{"id":27,"url":"https:\/\/madima.org\/madima2022\/program\/","url_meta":{"origin":4,"position":0},"title":"Workshop Program","author":"Admin","date":"February 24, 2017","format":false,"excerpt":"09:0012:30MADiMa 2022 Workshop 09:0009:05MADiMa opening and welcome 09:05 09:35 Invited Speaker I: The Quest Towards Automated Dietary Monitoring & Intervention in Free-living 09:3510:20Oral Paper Session 1 09:3509:50Real Scale 3D Reconstruction of a Dish and a Plate using Implicit Function and a Single RGB-D Image 09:5010:05Chewing detection from commercial smart-glasses 10:0510:20Learning\u2026","rel":"","context":"Similar post","block_context":{"text":"Similar post","link":""},"img":{"alt_text":"","src":"","width":0,"height":0},"classes":[]},{"id":1380,"url":"https:\/\/madima.org\/madima2022\/madima-2020\/","url_meta":{"origin":4,"position":1},"title":"MADiMa 2020","author":"Ioannis Papathanail","date":"April 1, 2022","format":false,"excerpt":"","rel":"","context":"Similar post","block_context":{"text":"Similar post","link":""},"img":{"alt_text":"","src":"","width":0,"height":0},"classes":[]},{"id":25,"url":"https:\/\/madima.org\/madima2022\/submission\/","url_meta":{"origin":4,"position":2},"title":"Submission","author":"Admin","date":"February 24, 2017","format":false,"excerpt":"The MADiMa 2022 workshop follows the guidelines of the ACM International Conference in Multimedia 2022. Manuscript Submission The Submission website is now open: \u00a0Paper Submission. Paper Format Submitted papers (.pdf format) must use the ACM Article Template:https:\/\/www.acm.org\/publications\/proceedings-template.Please remember to add Concepts and Keywords. Please use the template in traditional double-column\u2026","rel":"","context":"Similar post","block_context":{"text":"Similar post","link":""},"img":{"alt_text":"","src":"","width":0,"height":0},"classes":[]},{"id":185,"url":"https:\/\/madima.org\/madima2022\/news\/","url_meta":{"origin":4,"position":3},"title":"News","author":"MADiMa","date":"March 24, 2017","format":false,"excerpt":"","rel":"","context":"Similar post","block_context":{"text":"Similar post","link":""},"img":{"alt_text":"","src":"","width":0,"height":0},"classes":[]},{"id":19,"url":"https:\/\/madima.org\/madima2022\/organization\/","url_meta":{"origin":4,"position":4},"title":"Organization","author":"Admin","date":"February 24, 2017","format":false,"excerpt":"Venue The workshop will be hosted at the 30th ACM International Conference on Multimedia. The conference venue will be the\u00a0Lisbon Congress Center.\u00a0 Address:\u00a0Pra\u00e7a das Ind\u00fastrias 1, 1300-307 Lisboa, Portugal Workshop chairs Stavroula Mougiakakou, University of Bern, SwitzerlandGiovanni Maria Farinella, University of Catania, ItalyKeiji Yanai, The University of Electro-Communications, Tokyo, JapanDario\u2026","rel":"","context":"Similar post","block_context":{"text":"Similar post","link":""},"img":{"alt_text":"","src":"","width":0,"height":0},"classes":[]},{"id":507,"url":"https:\/\/madima.org\/madima2022\/invited-speaker\/","url_meta":{"origin":4,"position":5},"title":"Invited Speakers","author":"Thomai Stathopoulou","date":"June 13, 2018","format":false,"excerpt":"[iheu_ultimate_oxi id=\"2\"] Dr. Arindam Ghosh [iheu_ultimate_oxi id=\"3\"] Oliver Amft [iheu_ultimate_oxi id=\"4\"] George Hadjigeorgiou","rel":"","context":"Similar post","block_context":{"text":"Similar post","link":""},"img":{"alt_text":"","src":"","width":0,"height":0},"classes":[]}],"_links":{"self":[{"href":"https:\/\/madima.org\/madima2022\/wp-json\/wp\/v2\/pages\/4","targetHints":{"allow":["GET"]}}],"collection":[{"href":"https:\/\/madima.org\/madima2022\/wp-json\/wp\/v2\/pages"}],"about":[{"href":"https:\/\/madima.org\/madima2022\/wp-json\/wp\/v2\/types\/page"}],"author":[{"embeddable":true,"href":"https:\/\/madima.org\/madima2022\/wp-json\/wp\/v2\/users\/1"}],"replies":[{"embeddable":true,"href":"https:\/\/madima.org\/madima2022\/wp-json\/wp\/v2\/comments?post=4"}],"version-history":[{"count":4,"href":"https:\/\/madima.org\/madima2022\/wp-json\/wp\/v2\/pages\/4\/revisions"}],"predecessor-version":[{"id":1742,"href":"https:\/\/madima.org\/madima2022\/wp-json\/wp\/v2\/pages\/4\/revisions\/1742"}],"wp:attachment":[{"href":"https:\/\/madima.org\/madima2022\/wp-json\/wp\/v2\/media?parent=4"}],"curies":[{"name":"wp","href":"https:\/\/api.w.org\/{rel}","templated":true}]}}